{"id":126550,"date":"2024-10-08T22:54:35","date_gmt":"2024-10-08T21:54:35","guid":{"rendered":"https:\/\/rozlebregar.com\/?post_type=product&#038;p=126550"},"modified":"2026-02-02T10:51:36","modified_gmt":"2026-02-02T09:51:36","slug":"islandija-moj-drugi-dom-video-predavanje","status":"publish","type":"product","link":"https:\/\/rozlebregar.com\/sl\/printi\/islandija-moj-drugi-dom-video-predavanje\/","title":{"rendered":"Islandija: moj drugi dom"},"content":{"rendered":"<h3>Video posnetek predavanja<\/h3>\n<p>Na Islandiji \u017ee desetletje vsako leto s prijatelji odkrivam najbolj odro\u010dne koti\u010dke in ustvarjam najrazli\u010dnej\u0161e outdoorovske fotografske in filmske vsebine. Vsak projekt pa je odprava zase.<\/p>\n<p>Predavanje je v preteklih letih gostilo \u017ee po celi Sloveniji. Na Festivalu gorni\u0161kega filma v Cankarjevem domu v Ljubljani, 13. 2. 2024, je bilo tudi posneto in je sedaj na voljo za ogled. Dol\u017eina: 1 ura.<\/p>\n<p><strong>Po zaklju\u010denemu nakupu na e-mail prejmete takoj\u0161nji avtomatski dostop do spletnega ogleda.<\/strong><\/p>\n<p>&gt; <a href=\"https:\/\/rozlebregar.com\/predavanje-islandija-moj-drugi-dom\/?lang=sl\"><strong>Ve\u010d o predavanju<\/strong><\/a><\/p>\n","protected":false},"excerpt":{"rendered":"<p>Video posnetek predavanja Na Islandiji \u017ee desetletje vsako leto s prijatelji odkrivam najbolj odro\u010dne koti\u010dke in ustvarjam najrazli\u010dnej\u0161e outdoorovske fotografske [&hellip;]<\/p>\n","protected":false},"featured_media":126551,"template":"","meta":[],"product_brand":[],"product_cat":[208],"product_tag":[],"class_list":{"0":"post-126550","1":"product","2":"type-product","3":"status-publish","4":"has-post-thumbnail","6":"product_cat-predavanje","8":"first","9":"instock","10":"virtual","11":"sold-individually","12":"taxable","13":"purchasable","14":"product-type-simple"},"_links":{"self":[{"href":"https:\/\/rozlebregar.com\/sl\/wp-json\/wp\/v2\/product\/126550","targetHints":{"allow":["GET"]}}],"collection":[{"href":"https:\/\/rozlebregar.com\/sl\/wp-json\/wp\/v2\/product"}],"about":[{"href":"https:\/\/rozlebregar.com\/sl\/wp-json\/wp\/v2\/types\/product"}],"wp:featuredmedia":[{"embeddable":true,"href":"https:\/\/rozlebregar.com\/sl\/wp-json\/wp\/v2\/media\/126551"}],"wp:attachment":[{"href":"https:\/\/rozlebregar.com\/sl\/wp-json\/wp\/v2\/media?parent=126550"}],"wp:term":[{"taxonomy":"product_brand","embeddable":true,"href":"https:\/\/rozlebregar.com\/sl\/wp-json\/wp\/v2\/product_brand?post=126550"},{"taxonomy":"product_cat","embeddable":true,"href":"https:\/\/rozlebregar.com\/sl\/wp-json\/wp\/v2\/product_cat?post=126550"},{"taxonomy":"product_tag","embeddable":true,"href":"https:\/\/rozlebregar.com\/sl\/wp-json\/wp\/v2\/product_tag?post=126550"}],"curies":[{"name":"wp","href":"https:\/\/api.w.org\/{rel}","templated":true}]}}