{"id":127378,"date":"2025-11-14T16:31:22","date_gmt":"2025-11-14T15:31:22","guid":{"rendered":"https:\/\/rozlebregar.com\/?page_id=127378"},"modified":"2025-12-25T15:40:08","modified_gmt":"2025-12-25T14:40:08","slug":"predavanje-grenlandija-zivljenje-na-robu-ledu","status":"publish","type":"page","link":"https:\/\/rozlebregar.com\/sl\/predavanje-grenlandija-zivljenje-na-robu-ledu\/","title":{"rendered":"Predavanje &#8220;Grenlandija &#8211; \u017eivljenje na robu ledu&#8221;"},"content":{"rendered":"<div class=\"wpb-content-wrapper\"><p>[vc_row row_height_percent=&#8221;50&#8243; override_padding=&#8221;yes&#8221; h_padding=&#8221;2&#8243; top_padding=&#8221;5&#8243; bottom_padding=&#8221;5&#8243; back_color=&#8221;accent&#8221; back_image=&#8221;127356&#8243; overlay_alpha=&#8221;80&#8243; equal_height=&#8221;yes&#8221; gutter_size=&#8221;3&#8243; column_width_percent=&#8221;100&#8243; shift_y=&#8221;0&#8243; z_index=&#8221;0&#8243; top_divider=&#8221;gradient&#8221; bottom_divider=&#8221;gradient&#8221; content_parallax=&#8221;0&#8243; uncode_shortcode_id=&#8221;296730&#8243; back_color_type=&#8221;uncode-palette&#8221;][vc_column column_width_percent=&#8221;100&#8243; position_vertical=&#8221;middle&#8221; gutter_size=&#8221;3&#8243; style=&#8221;dark&#8221; overlay_alpha=&#8221;50&#8243; shift_x=&#8221;0&#8243; shift_y=&#8221;0&#8243; shift_y_down=&#8221;0&#8243; z_index=&#8221;0&#8243; medium_width=&#8221;0&#8243; mobile_width=&#8221;0&#8243; width=&#8221;1\/1&#8243; uncode_shortcode_id=&#8221;413099&#8243;][\/vc_column][\/vc_row][vc_row row_height_percent=&#8221;0&#8243; override_padding=&#8221;yes&#8221; h_padding=&#8221;2&#8243; top_padding=&#8221;3&#8243; bottom_padding=&#8221;3&#8243; overlay_alpha=&#8221;100&#8243; gutter_size=&#8221;3&#8243; column_width_percent=&#8221;100&#8243; shift_y=&#8221;0&#8243; z_index=&#8221;0&#8243; row_height_use_pixel=&#8221;&#8221; uncode_shortcode_id=&#8221;714584&#8243;][vc_column column_width_use_pixel=&#8221;yes&#8221; gutter_size=&#8221;3&#8243; overlay_alpha=&#8221;50&#8243; shift_x=&#8221;0&#8243; shift_y=&#8221;0&#8243; medium_width=&#8221;0&#8243; zoom_width=&#8221;0&#8243; zoom_height=&#8221;0&#8243; column_width_pixel=&#8221;800&#8243;][vc_row_inner row_inner_height_percent=&#8221;0&#8243; force_width_grid=&#8221;yes&#8221; overlay_alpha=&#8221;50&#8243; gutter_size=&#8221;3&#8243; shift_y=&#8221;0&#8243; z_index=&#8221;0&#8243; row_height_use_pixel=&#8221;&#8221; limit_content=&#8221;&#8221; uncode_shortcode_id=&#8221;141426&#8243;][vc_column_inner column_width_percent=&#8221;100&#8243; position_horizontal=&#8221;left&#8221; align_horizontal=&#8221;align_center&#8221; gutter_size=&#8221;3&#8243; overlay_alpha=&#8221;50&#8243; shift_x=&#8221;0&#8243; shift_y=&#8221;0&#8243; medium_width=&#8221;0&#8243; zoom_width=&#8221;0&#8243; zoom_height=&#8221;0&#8243; width=&#8221;1\/1&#8243;][vc_custom_heading heading_semantic=&#8221;h3&#8243; text_size=&#8221;bigtext&#8221; text_uppercase=&#8221;&#8221; uncode_shortcode_id=&#8221;408000&#8243;]GRENLANDIJA<br \/>\n\u017dIVLJENJE NA ROBU LEDU[\/vc_custom_heading][\/vc_column_inner][\/vc_row_inner][vc_column_text uncode_shortcode_id=&#8221;170818&#8243;]<\/p>\n<div id=\"G8gxf\" class=\"hc-cmp-wp-editor wp-editor \">\n<h3>PREDAVANJE<\/h3>\n<\/div>\n<div id=\"G8gxf\" class=\"hc-cmp-wp-editor wp-editor \" style=\"text-align: justify;\">\n<p>Ro\u017ele Bregar, filmski ustvarjalec in pustolovec, ki \u017ee ve\u010d kot desetletje raziskuje arkti\u010dna obmo\u010dja, se vra\u010da s predavanjem \u201cGrenlandija: \u017eivljenje na robu ledu\u201d. To ni klasi\u010dno potopisno predavanje, ampak povabilo na rob sveta \u2013 tja, kjer ti\u0161ina, led in veter pi\u0161ejo zgodbe \u010dez neskon\u010dne bele pokrajine, tja, kjer \u010das izgubi pomen.<\/p>\n<p>Pre\u010dkati ledene labirinte z jadrnico ter pasjo vprego, ob\u010dudovati divje, oddaljene koti\u010dke, \u017eiveti z Inuiti \u2013 lovci, ki v sebi nosijo znanje pre\u017eivetja, kot ga je poznala le mati narava. To je le hiter uvod v nepozaben ve\u010der.<\/p>\n<p>To je predavanje o pogumu, ti\u0161ini in lepoti sveta, ki izginja pred na\u0161imi o\u010dmi \u2013 o tem, zakaj nas prav tam, na skrajnem severu, po eni strani \u010daka najve\u010d \u017eivljenja, po drugi stranu pa negotova prihodnost.<\/p><\/div>\n<p>[\/vc_column_text][\/vc_column][\/vc_row][vc_row row_height_percent=&#8221;0&#8243; override_padding=&#8221;yes&#8221; h_padding=&#8221;2&#8243; top_padding=&#8221;0&#8243; bottom_padding=&#8221;0&#8243; overlay_alpha=&#8221;100&#8243; gutter_size=&#8221;3&#8243; column_width_percent=&#8221;100&#8243; shift_y=&#8221;0&#8243; z_index=&#8221;0&#8243; row_height_use_pixel=&#8221;&#8221;][vc_column column_width_use_pixel=&#8221;yes&#8221; gutter_size=&#8221;3&#8243; overlay_alpha=&#8221;50&#8243; shift_x=&#8221;0&#8243; shift_y=&#8221;0&#8243; medium_width=&#8221;0&#8243; zoom_width=&#8221;0&#8243; zoom_height=&#8221;0&#8243; width=&#8221;5\/6&#8243;][vc_gallery el_id=&#8221;gallery-146725&#8243; type=&#8221;carousel&#8221; medias=&#8221;127368,127370,127364,127362,127366,127360&#8243; carousel_lg=&#8221;1&#8243; carousel_md=&#8221;1&#8243; carousel_sm=&#8221;1&#8243; thumb_size=&#8221;three-two&#8221; gutter_size=&#8221;3&#8243; media_items=&#8221;media|nolink|original&#8221; carousel_interval=&#8221;0&#8243; carousel_navspeed=&#8221;400&#8243; carousel_loop=&#8221;yes&#8221; carousel_nav=&#8221;yes&#8221; carousel_nav_skin=&#8221;dark&#8221; stage_padding=&#8221;0&#8243; single_overlay_opacity=&#8221;50&#8243; single_overlay_anim=&#8221;no&#8221; single_image_anim=&#8221;no&#8221; single_padding=&#8221;2&#8243; single_border=&#8221;yes&#8221; uncode_shortcode_id=&#8221;191902&#8243;][\/vc_column][vc_column column_width_percent=&#8221;100&#8243; gutter_size=&#8221;3&#8243; overlay_alpha=&#8221;50&#8243; shift_x=&#8221;0&#8243; shift_y=&#8221;0&#8243; medium_width=&#8221;0&#8243; zoom_width=&#8221;0&#8243; zoom_height=&#8221;0&#8243; width=&#8221;1\/6&#8243;][vc_column_text uncode_shortcode_id=&#8221;696556&#8243;]\u201cV arkti\u010dnem mrazu sem na\u0161el toplino \u017eivljenskega smisla.\u201d[\/vc_column_text][\/vc_column][\/vc_row][vc_row row_height_percent=&#8221;0&#8243; override_padding=&#8221;yes&#8221; h_padding=&#8221;2&#8243; top_padding=&#8221;3&#8243; bottom_padding=&#8221;3&#8243; overlay_alpha=&#8221;100&#8243; gutter_size=&#8221;3&#8243; column_width_percent=&#8221;100&#8243; shift_y=&#8221;0&#8243; z_index=&#8221;0&#8243; row_height_use_pixel=&#8221;&#8221; uncode_shortcode_id=&#8221;136948&#8243;][vc_column column_width_use_pixel=&#8221;yes&#8221; gutter_size=&#8221;3&#8243; overlay_alpha=&#8221;50&#8243; shift_x=&#8221;0&#8243; shift_y=&#8221;0&#8243; medium_width=&#8221;0&#8243; zoom_width=&#8221;0&#8243; zoom_height=&#8221;0&#8243; column_width_pixel=&#8221;800&#8243;][vc_column_text uncode_shortcode_id=&#8221;117758&#8243;]<\/p>\n<div id=\"G8gxf\" class=\"hc-cmp-wp-editor wp-editor \">\n<h3>Pretekla predavanja<\/h3>\n<ul>\n<li><strong>Murska Sobota, Gledali\u0161\u010de Park, <\/strong>10. 12. 2025<\/li>\n<\/ul>\n<\/div>\n<p>[\/vc_column_text][\/vc_column][\/vc_row][vc_row row_height_percent=&#8221;0&#8243; override_padding=&#8221;yes&#8221; h_padding=&#8221;2&#8243; top_padding=&#8221;3&#8243; bottom_padding=&#8221;3&#8243; back_color=&#8221;color-lxmt&#8221; overlay_alpha=&#8221;50&#8243; gutter_size=&#8221;3&#8243; column_width_percent=&#8221;100&#8243; shift_y=&#8221;0&#8243; z_index=&#8221;0&#8243; uncode_shortcode_id=&#8221;146699&#8243; back_color_type=&#8221;uncode-palette&#8221;][vc_column width=&#8221;1\/1&#8243;][vc_gallery el_id=&#8221;gallery-150021&#8243; gutter_size=&#8221;3&#8243; screen_lg=&#8221;1000&#8243; screen_md=&#8221;600&#8243; screen_sm=&#8221;480&#8243; single_width=&#8221;3&#8243; images_size=&#8221;three-two&#8221; single_overlay_opacity=&#8221;50&#8243; single_overlay_anim=&#8221;no&#8221; single_padding=&#8221;2&#8243; lbox_skin=&#8221;white&#8221; lbox_transparency=&#8221;opaque&#8221; uncode_shortcode_id=&#8221;101022&#8243;][\/vc_column][\/vc_row][vc_row row_height_percent=&#8221;0&#8243; override_padding=&#8221;yes&#8221; h_padding=&#8221;2&#8243; top_padding=&#8221;4&#8243; bottom_padding=&#8221;4&#8243; overlay_alpha=&#8221;50&#8243; equal_height=&#8221;yes&#8221; gutter_size=&#8221;4&#8243; column_width_percent=&#8221;100&#8243; shift_y=&#8221;0&#8243; z_index=&#8221;0&#8243; el_class=&#8221;inverted-device-order&#8221; uncode_shortcode_id=&#8221;100944&#8243;][vc_column column_width_percent=&#8221;100&#8243; gutter_size=&#8221;3&#8243; overlay_alpha=&#8221;50&#8243; shift_x=&#8221;0&#8243; shift_y=&#8221;0&#8243; shift_y_down=&#8221;0&#8243; z_index=&#8221;0&#8243; medium_width=&#8221;0&#8243; mobile_width=&#8221;0&#8243; width=&#8221;1\/3&#8243; uncode_shortcode_id=&#8221;516987&#8243;][vc_custom_heading text_color=&#8221;accent&#8221; heading_semantic=&#8221;h6&#8243; text_size=&#8221;h6&#8243; text_transform=&#8221;uppercase&#8221; uncode_shortcode_id=&#8221;207874&#8243; text_color_type=&#8221;uncode-palette&#8221;]SLOVENSKE NOVICE \/ DELO[\/vc_custom_heading][vc_custom_heading heading_semantic=&#8221;h3&#8243; subheading=&#8221;Film po zamisli preminulega Jureta Breceljnika. Jesti, kar ujamejo, je bistvo inuitskega \u017eivljenja&#8230;&#8221; uncode_shortcode_id=&#8221;200910&#8243;]Svet zadnjih ledenih lovcev se topi pod nogami[\/vc_custom_heading][vc_button button_color=&#8221;color-wvjs&#8221; border_width=&#8221;0&#8243; link=&#8221;url:https%3A%2F%2Fslovenskenovice.delo.si%2Fbulvar%2Fdomaci-traci%2Fsvet-zadnjih-ledenih-lovcev-se-topi-pod-nogami-2|target:_blank&#8221; button_color_type=&#8221;uncode-palette&#8221; uncode_shortcode_id=&#8221;141642&#8243;]Preberi \u010dlanek[\/vc_button][\/vc_column][vc_column width=&#8221;1\/3&#8243;][vc_custom_heading text_color=&#8221;accent&#8221; heading_semantic=&#8221;h6&#8243; text_size=&#8221;h6&#8243; text_transform=&#8221;uppercase&#8221; uncode_shortcode_id=&#8221;455398&#8243; text_color_type=&#8221;uncode-palette&#8221;]GORENJSKI GLAS[\/vc_custom_heading][vc_custom_heading heading_semantic=&#8221;h3&#8243; subheading=&#8221;Radovlji\u010dan Ro\u017ele Bregar se je pred kratkim vrnil iz Mongolije, na ran\u010du Mrcina pa predstavil zgodbo dokumentarca, ki so ga snemali na Grenlandiji&#8230;&#8221; uncode_shortcode_id=&#8221;210383&#8243;]Ponujali so mu \u017eensko[\/vc_custom_heading][vc_button button_color=&#8221;color-wvjs&#8221; border_width=&#8221;0&#8243; link=&#8221;url:https%3A%2F%2Farhiv.gorenjskiglas.si%2Farticle%2F20160826%2FC%2F160829841%2Fponujali-so-mu-zensko|target:_blank&#8221; button_color_type=&#8221;uncode-palette&#8221; uncode_shortcode_id=&#8221;134279&#8243;]Preberi \u010dlanek[\/vc_button][\/vc_column][vc_column width=&#8221;1\/3&#8243;][vc_custom_heading text_color=&#8221;accent&#8221; heading_semantic=&#8221;h6&#8243; text_size=&#8221;h6&#8243; text_transform=&#8221;uppercase&#8221; uncode_shortcode_id=&#8221;581994&#8243; text_color_type=&#8221;uncode-palette&#8221;]RTV SLO[\/vc_custom_heading][vc_custom_heading heading_semantic=&#8221;h3&#8243; subheading=&#8221;Zadnji ledeni lovci so filmski testament nadarjenega fotografa in dokumentarista, veliko prezgodaj umrlega Jureta Breceljnika&#8230;&#8221; uncode_shortcode_id=&#8221;193314&#8243;]Svet Inuitov se spreminja s svetlobno hitrostjo.[\/vc_custom_heading][vc_button button_color=&#8221;color-wvjs&#8221; border_width=&#8221;0&#8243; link=&#8221;url:https%3A%2F%2Fwww.rtvslo.si%2Fkultura%2Focenjujemo%2Fzadnji-ledeni-lovci%2F446275|target:_blank&#8221; button_color_type=&#8221;uncode-palette&#8221; uncode_shortcode_id=&#8221;204691&#8243;]PREBERI \u010cLANEK[\/vc_button][\/vc_column][\/vc_row]<\/p>\n<\/div>","protected":false},"excerpt":{"rendered":"<p>Ro\u017ele Bregar, snemalec in pustolovec, ki \u017ee ve\u010d desetletij raziskuje arkti\u010dna obmo\u010dja, nas popelje na rob sveta &#8211; Grenlandijo. Z jadrnico in pasjo vprego pre\u010dka neskon\u010dne ledene pokrajine, \u017eivi z lovci Inuiti ter raziskuje, kaj pomeni \u017eiveti v ritmu narave. To je predavanje o pogumu, ti\u0161ini in lepoti sveta, ki izginja pred na\u0161imi o\u010dmi <\/p>\n","protected":false},"author":1,"featured_media":127373,"parent":0,"menu_order":0,"comment_status":"closed","ping_status":"closed","template":"","meta":{"footnotes":""},"class_list":["post-127378","page","type-page","status-publish","has-post-thumbnail","hentry"],"_links":{"self":[{"href":"https:\/\/rozlebregar.com\/sl\/wp-json\/wp\/v2\/pages\/127378","targetHints":{"allow":["GET"]}}],"collection":[{"href":"https:\/\/rozlebregar.com\/sl\/wp-json\/wp\/v2\/pages"}],"about":[{"href":"https:\/\/rozlebregar.com\/sl\/wp-json\/wp\/v2\/types\/page"}],"author":[{"embeddable":true,"href":"https:\/\/rozlebregar.com\/sl\/wp-json\/wp\/v2\/users\/1"}],"replies":[{"embeddable":true,"href":"https:\/\/rozlebregar.com\/sl\/wp-json\/wp\/v2\/comments?post=127378"}],"version-history":[{"count":7,"href":"https:\/\/rozlebregar.com\/sl\/wp-json\/wp\/v2\/pages\/127378\/revisions"}],"predecessor-version":[{"id":127425,"href":"https:\/\/rozlebregar.com\/sl\/wp-json\/wp\/v2\/pages\/127378\/revisions\/127425"}],"wp:featuredmedia":[{"embeddable":true,"href":"https:\/\/rozlebregar.com\/sl\/wp-json\/wp\/v2\/media\/127373"}],"wp:attachment":[{"href":"https:\/\/rozlebregar.com\/sl\/wp-json\/wp\/v2\/media?parent=127378"}],"curies":[{"name":"wp","href":"https:\/\/api.w.org\/{rel}","templated":true}]}}