{"id":116130,"date":"2023-05-20T10:48:13","date_gmt":"2023-05-20T09:48:13","guid":{"rendered":"https:\/\/rozlebregar.com\/?page_id=116130"},"modified":"2024-10-07T07:44:45","modified_gmt":"2024-10-07T06:44:45","slug":"faq","status":"publish","type":"page","link":"https:\/\/rozlebregar.com\/sl\/trgovina-printi\/faq\/","title":{"rendered":"FAQ"},"content":{"rendered":"<div class=\"wpb-content-wrapper\"><p>[vc_row][vc_column width=&#8221;1\/1&#8243;][vc_custom_heading heading_semantic=&#8221;h1&#8243; text_size=&#8221;h1&#8243; uncode_shortcode_id=&#8221;958978&#8243;]<\/p>\n<h5><strong>Tiskane fotografije<\/strong><\/h5>\n<p>[\/vc_custom_heading][vc_custom_heading heading_semantic=&#8221;h1&#8243; text_size=&#8221;h1&#8243; uncode_shortcode_id=&#8221;204078&#8243;]<strong>Pogosto zastavljena vpra\u0161anja<\/strong>[\/vc_custom_heading][vc_column_text uncode_shortcode_id=&#8221;412888&#8243;]<section id='' \n                class='helpie-faq accordions faq-toggle custom-styles' \n                data-collection='' \n                data-pagination='0' \n                data-search='0' \n                data-pagination-enabled='0'\n                role='region'\n                aria-label='FAQ Section'\n                aria-live='polite'><form class=\"search\" onSubmit=\"return false;\"><div class=\"search__wrapper\"><input type=\"text\" class=\"search__input\" aria-label=\"Search\" role=\"searchbox\" placeholder=\"\"><span class=\"search__icon\"><svg class=\"svg-icon--search\" role=\"img\" xmlns=\"http:\/\/www.w3.org\/2000\/svg\" viewBox=\"0 0 22 22\">\r\n                        <g fill=\"none\" stroke=\"#171717\">\r\n                            <path stroke-linecap=\"square\" stroke-width=\"2\" d=\"M18.5 18.3l-5.4-5.4\"\/>\r\n                            <circle cx=\"8\" cy=\"8\" r=\"7\" stroke-width=\"2\"\/>\r\n                        <\/g>\r\n                    <\/svg><\/span><\/div><div class=\"search__message\"><\/div><\/form><article class=\"accordion \"><div class='helpie-faq-row'><div class='helpie-faq-col helpie-faq-col-12' ><ul><li class=\"accordion__item \"><div class=\"accordion__header \" \r\n                id=\"accordion-header-post-116134\"\r\n                role=\"button\"\r\n                aria-expanded=\"false\"\r\n                aria-controls=\"accordion-content-post-116134\"\r\n                data-id=\"post-116134\" \r\n                data-item=\"\" \r\n                style=\"background:#ffffff;\" \r\n                data-tags=\"\"\r\n                tabindex=\"0\"><div class=\"accordion__title\">Kak\u0161en papir se uporablja za tisk?<\/div><\/div><div id=\"accordion-content-post-116134\" \r\n                class=\"accordion__body\" \r\n                role=\"region\"\r\n                aria-labelledby=\"accordion-header-post-116134\"\r\n                style=\"background:#ffffff;\"><p>Vsak print je skrbno izdelan z enim najlep\u0161ih in najkakovostnej\u0161ih papirjev na trgu, Hahnem\u00fchle Photo Rag\u00ae. Obo\u017eujejo ga fotografi, ilustratorji in umetniki. Papir s super mat povr\u0161ino omogo\u010da umirjeno \u010drnino, odli\u010dne podrobnosti in enakomerno barvno reprodukcijo. S svojo kredasto gladko bomba\u017eno osnovo je tekstura minimalna, kar ustvarja briljantne barvne prelive. Priporo\u010damo, da s tem papirjem ravnate previdno, da se robovi ne po\u0161kodujejo. <a href=\"https:\/\/www.theprintspace.co.uk\/photo-art-printing-service\/\" target=\"_blank\" rel=\"noopener\">Izvedite ve\u010d<\/a>.<\/p>\n<\/div><\/li><li class=\"accordion__item \"><div class=\"accordion__header \" \r\n                id=\"accordion-header-post-116137\"\r\n                role=\"button\"\r\n                aria-expanded=\"false\"\r\n                aria-controls=\"accordion-content-post-116137\"\r\n                data-id=\"post-116137\" \r\n                data-item=\"\" \r\n                style=\"background:#ffffff;\" \r\n                data-tags=\"\"\r\n                tabindex=\"0\"><div class=\"accordion__title\">Kje so natisnjene fotografije?<\/div><\/div><div id=\"accordion-content-post-116137\" \r\n                class=\"accordion__body\" \r\n                role=\"region\"\r\n                aria-labelledby=\"accordion-header-post-116137\"\r\n                style=\"background:#ffffff;\"><p>Za tisk fotografij skrbi podjetje Print Space v Nem\u010diji in Veliki Britaniji. Njihova prednost je trajnostna embala\u017ea in oglji\u010dna nevtralnost od za\u010detka do konca. Ve\u010d najdete <a href=\"https:\/\/www.theprintspace.co.uk\/carbon-neutral-art-printing-service\/\" target=\"_blank\" rel=\"noopener\">tukaj<\/a>.<\/p>\n<\/div><\/li><li class=\"accordion__item \"><div class=\"accordion__header \" \r\n                id=\"accordion-header-post-116139\"\r\n                role=\"button\"\r\n                aria-expanded=\"false\"\r\n                aria-controls=\"accordion-content-post-116139\"\r\n                data-id=\"post-116139\" \r\n                data-item=\"\" \r\n                style=\"background:#ffffff;\" \r\n                data-tags=\"\"\r\n                tabindex=\"0\"><div class=\"accordion__title\">Kak\u0161no je razmerje stranic natisnjenih fotografij ali kako jih uokvirim?<\/div><\/div><div id=\"accordion-content-post-116139\" \r\n                class=\"accordion__body\" \r\n                role=\"region\"\r\n                aria-labelledby=\"accordion-header-post-116139\"\r\n                style=\"background:#ffffff;\"><p>Ve\u010dina fotografij je obrezanih in pripravljenih v standardnih dimenzijah ali razmerjih stranic. Zdru\u017eljive okvirje lahko najdete v lokalni trgovini s pohi\u0161tvom.<\/p>\n<p>Za ve\u010dji format in fotografije v kategoriji Panoramske pokrajine priporo\u010dam okvirjanje po meri.<\/p>\n<\/div><\/li><li class=\"accordion__item \"><div class=\"accordion__header \" \r\n                id=\"accordion-header-post-116148\"\r\n                role=\"button\"\r\n                aria-expanded=\"false\"\r\n                aria-controls=\"accordion-content-post-116148\"\r\n                data-id=\"post-116148\" \r\n                data-item=\"\" \r\n                style=\"background:#ffffff;\" \r\n                data-tags=\"\"\r\n                tabindex=\"0\"><div class=\"accordion__title\">\u017delim dimenzijo in razmerje fotografije, ki ni na voljo v trgovini.<\/div><\/div><div id=\"accordion-content-post-116148\" \r\n                class=\"accordion__body\" \r\n                role=\"region\"\r\n                aria-labelledby=\"accordion-header-post-116148\"\r\n                style=\"background:#ffffff;\"><p>\u010ce v trgovini ne najdete ustrezne velikosti in razmerja slike, <a href=\"https:\/\/rozlebregar.com\/kontakt\/?lang=sl\">kontaktirajte<\/a> in poiskala se bo ustrezna re\u0161itev.<\/p>\n<\/div><\/li><li class=\"accordion__item \"><div class=\"accordion__header \" \r\n                id=\"accordion-header-post-116150\"\r\n                role=\"button\"\r\n                aria-expanded=\"false\"\r\n                aria-controls=\"accordion-content-post-116150\"\r\n                data-id=\"post-116150\" \r\n                data-item=\"\" \r\n                style=\"background:#ffffff;\" \r\n                data-tags=\"\"\r\n                tabindex=\"0\"><div class=\"accordion__title\">\u010ce pogledam tiskano fotografijo od blizu, se mi zdi tisk slab\u0161e kvalitete?<\/div><\/div><div id=\"accordion-content-post-116150\" \r\n                class=\"accordion__body\" \r\n                role=\"region\"\r\n                aria-labelledby=\"accordion-header-post-116150\"\r\n                style=\"background:#ffffff;\"><p>Ve\u010dina fotografij je posnetih z najnovej\u0161imi fotoaparati. Obstaja pa tudi nekaj starej\u0161ih, kjer ima vsebina prednost pred tehni\u010dno kakovostjo. To lahko privede do nekoliko slab\u0161e kakovosti, \u010de jo gledate od blizu. Te fotografije so bile posnete s starej\u0161imi fotoaparati, ki niso imeli najnovej\u0161e lo\u010dljivosti. Navsezadnje je to umetnost in tudi del zgodovine, kjer je bil ujet trenutek. Prav tako pa fotografij ne gledamo z nosom, ki se dotika stene. Zagotavljam vam, da bo fotografija \u0161e vedno izgledala osupljivo v prostoru.<\/p>\n<\/div><\/li><li class=\"accordion__item \"><div class=\"accordion__header \" \r\n                id=\"accordion-header-post-116153\"\r\n                role=\"button\"\r\n                aria-expanded=\"false\"\r\n                aria-controls=\"accordion-content-post-116153\"\r\n                data-id=\"post-116153\" \r\n                data-item=\"\" \r\n                style=\"background:#ffffff;\" \r\n                data-tags=\"\"\r\n                tabindex=\"0\"><div class=\"accordion__title\">Kak\u0161en je dobavni rok in proces?<\/div><\/div><div id=\"accordion-content-post-116153\" \r\n                class=\"accordion__body\" \r\n                role=\"region\"\r\n                aria-labelledby=\"accordion-header-post-116153\"\r\n                style=\"background:#ffffff;\"><table style=\"font-size: 14px;\">\n<tbody>\n<tr>\n<td><strong>(delovni dan)<\/strong><\/td>\n<td><strong>\u010cas obdelave<\/strong><\/td>\n<td><strong>Predviden \u010das po\u0161tne dostave<\/strong><\/td>\n<td><strong>Dejanski \u010das po\u0161tne dostave<\/strong><\/td>\n<td><strong>Predviden \u010das kurirske dostave<\/strong><\/td>\n<td><strong>Dejanski \u010das kurirske dostave<\/strong><\/td>\n<\/tr>\n<tr>\n<td>Velika Britanija<\/td>\n<td>2-5<\/td>\n<td>1-2<\/td>\n<td>1-2<\/td>\n<td>1<\/td>\n<td>1-2<\/td>\n<\/tr>\n<tr>\n<td>Nem\u010dija<\/td>\n<td>2-5<\/td>\n<td>1-2<\/td>\n<td>1-2<\/td>\n<td>1<\/td>\n<td>1-2<\/td>\n<\/tr>\n<tr>\n<td>Evropa (EU)<\/td>\n<td>2-5<\/td>\n<td>2-7<\/td>\n<td>2-10<\/td>\n<td>1<\/td>\n<td>1-3<\/td>\n<\/tr>\n<tr>\n<td>Evropa (EEA &amp; \u0160vica)<\/td>\n<td>2-5<\/td>\n<td>2-7<\/td>\n<td>2-10<\/td>\n<td>1-2<\/td>\n<td>2-4<\/td>\n<\/tr>\n<tr>\n<td>ZDA<\/td>\n<td>2-5<\/td>\n<td>n\/a<\/td>\n<td>n\/a<\/td>\n<td>2-3<\/td>\n<td>2-5<\/td>\n<\/tr>\n<tr>\n<td>Kanada<\/td>\n<td>2-5<\/td>\n<td>n\/a<\/td>\n<td>n\/a<\/td>\n<td>2-3<\/td>\n<td>2-5<\/td>\n<\/tr>\n<tr>\n<td>Avstralija\/ NZ<\/td>\n<td>2-5<\/td>\n<td>n\/a<\/td>\n<td>n\/a<\/td>\n<td>5<\/td>\n<td>5-7<\/td>\n<\/tr>\n<tr>\n<td>Preostali svet<\/td>\n<td>2-5<\/td>\n<td>n\/a<\/td>\n<td>n\/a<\/td>\n<td>2-7<\/td>\n<td>2-10<\/td>\n<\/tr>\n<\/tbody>\n<\/table>\n<p>Podjetje, ki skrbi za po\u0161iljanje artiklov znotraj EU\/EGP (po\u0161iljanje iz studija v Nem\u010diji) je Deutsche Post. Za Zdru\u017eeno kraljestvo se izvede dostava prek Royal Mail (po\u0161iljanje iz studia v Londonu). Za vse dr\u017eave izven teh regij (kot so ZDA, Kanada, Avstralija) se naro\u010dila po\u0161iljajo s hitro kurirsko slu\u017ebo DHL Express (po\u0161iljanje iz studia v Londonu). Printi so poslani bodisi v kartonskem tulcu bodisi v embala\u017ei, odporni z namenom, da je zagotovljena varna dostava.<\/p>\n<h2><\/h2>\n<\/div><\/li><li class=\"accordion__item \"><div class=\"accordion__header \" \r\n                id=\"accordion-header-post-116157\"\r\n                role=\"button\"\r\n                aria-expanded=\"false\"\r\n                aria-controls=\"accordion-content-post-116157\"\r\n                data-id=\"post-116157\" \r\n                data-item=\"\" \r\n                style=\"background:#ffffff;\" \r\n                data-tags=\"\"\r\n                tabindex=\"0\"><div class=\"accordion__title\">Kak\u0161ni so na\u010dini pla\u010dila?<\/div><\/div><div id=\"accordion-content-post-116157\" \r\n                class=\"accordion__body\" \r\n                role=\"region\"\r\n                aria-labelledby=\"accordion-header-post-116157\"\r\n                style=\"background:#ffffff;\"><p>Na blagajni imate na voljo ve\u010d vrst pla\u010dila:<\/p>\n<ul>\n<li>Kreditna\/debetna kartica (Mastercard, Visa, American Express)<\/li>\n<li>PayPal<\/li>\n<li>Google Pay<\/li>\n<li>Apple Pay<\/li>\n<\/ul>\n<\/div><\/li><\/ul><\/div><\/div><\/article><\/section> [\/vc_column_text][\/vc_column][\/vc_row]<\/p>\n<\/div>","protected":false},"excerpt":{"rendered":"<p>[vc_row][vc_column width=&#8221;1\/1&#8243;][vc_custom_heading heading_semantic=&#8221;h1&#8243; text_size=&#8221;h1&#8243; uncode_shortcode_id=&#8221;958978&#8243;] Tiskane fotografije [\/vc_custom_heading][vc_custom_heading heading_semantic=&#8221;h1&#8243; text_size=&#8221;h1&#8243; uncode_shortcode_id=&#8221;204078&#8243;]Pogosto zastavljena vpra\u0161anja[\/vc_custom_heading][vc_column_text uncode_shortcode_id=&#8221;412888&#8243;] [\/vc_column_text][\/vc_column][\/vc_row]<\/p>\n","protected":false},"author":1,"featured_media":0,"parent":116124,"menu_order":0,"comment_status":"closed","ping_status":"closed","template":"","meta":{"footnotes":""},"class_list":["post-116130","page","type-page","status-publish","hentry"],"_links":{"self":[{"href":"https:\/\/rozlebregar.com\/sl\/wp-json\/wp\/v2\/pages\/116130","targetHints":{"allow":["GET"]}}],"collection":[{"href":"https:\/\/rozlebregar.com\/sl\/wp-json\/wp\/v2\/pages"}],"about":[{"href":"https:\/\/rozlebregar.com\/sl\/wp-json\/wp\/v2\/types\/page"}],"author":[{"embeddable":true,"href":"https:\/\/rozlebregar.com\/sl\/wp-json\/wp\/v2\/users\/1"}],"replies":[{"embeddable":true,"href":"https:\/\/rozlebregar.com\/sl\/wp-json\/wp\/v2\/comments?post=116130"}],"version-history":[{"count":0,"href":"https:\/\/rozlebregar.com\/sl\/wp-json\/wp\/v2\/pages\/116130\/revisions"}],"up":[{"embeddable":true,"href":"https:\/\/rozlebregar.com\/sl\/wp-json\/wp\/v2\/pages\/116124"}],"wp:attachment":[{"href":"https:\/\/rozlebregar.com\/sl\/wp-json\/wp\/v2\/media?parent=116130"}],"curies":[{"name":"wp","href":"https:\/\/api.w.org\/{rel}","templated":true}]}}