{"id":116115,"date":"2023-08-10T16:35:36","date_gmt":"2023-08-10T15:35:36","guid":{"rendered":"https:\/\/rozlebregar.com\/kosarica\/"},"modified":"2024-11-10T21:35:32","modified_gmt":"2024-11-10T20:35:32","slug":"kosarica","status":"publish","type":"page","link":"https:\/\/rozlebregar.com\/sl\/trgovina-printi\/kosarica\/","title":{"rendered":"Ko\u0161arica"},"content":{"rendered":"<div class=\"wpb-content-wrapper\">[vc_row unlock_row_content=&#8221;yes&#8221; row_height_percent=&#8221;0&#8243; override_padding=&#8221;yes&#8221; h_padding=&#8221;5&#8243; top_padding=&#8221;2&#8243; bottom_padding=&#8221;0&#8243; overlay_alpha=&#8221;50&#8243; gutter_size=&#8221;3&#8243; column_width_percent=&#8221;100&#8243; shift_y=&#8221;0&#8243; z_index=&#8221;0&#8243; content_parallax=&#8221;0&#8243; uncode_shortcode_id=&#8221;782203&#8243;][vc_column column_width_percent=&#8221;100&#8243; position_horizontal=&#8221;left&#8221; gutter_size=&#8221;3&#8243; overlay_alpha=&#8221;50&#8243; shift_x=&#8221;0&#8243; shift_y=&#8221;0&#8243; shift_y_down=&#8221;0&#8243; z_index=&#8221;0&#8243; medium_width=&#8221;0&#8243; mobile_width=&#8221;0&#8243; width=&#8221;1\/1&#8243; uncode_shortcode_id=&#8221;104485&#8243;][uncode_woocommerce_steps custom_labels=&#8221;yes&#8221; show_numbers=&#8221;yes&#8221; custom_label_cart=&#8221;Ko\u0161arica&#8221; custom_label_checkout=&#8221;Oddaja naro\u010dila&#8221; custom_label_complete=&#8221;Zaklju\u010dek naro\u010dila&#8221;][vc_column_text][\/vc_column_text][\/vc_column][\/vc_row][vc_row unlock_row_content=&#8221;yes&#8221; row_height_percent=&#8221;0&#8243; override_padding=&#8221;yes&#8221; h_padding=&#8221;0&#8243; top_padding=&#8221;0&#8243; bottom_padding=&#8221;0&#8243; overlay_alpha=&#8221;50&#8243; gutter_size=&#8221;3&#8243; column_width_percent=&#8221;100&#8243; shift_y=&#8221;0&#8243; z_index=&#8221;0&#8243; uncode_shortcode_id=&#8221;148033&#8243;][vc_column column_width_percent=&#8221;100&#8243; gutter_size=&#8221;3&#8243; overlay_alpha=&#8221;50&#8243; shift_x=&#8221;0&#8243; shift_y=&#8221;0&#8243; shift_y_down=&#8221;0&#8243; z_index=&#8221;0&#8243; medium_width=&#8221;0&#8243; mobile_width=&#8221;0&#8243; width=&#8221;1\/1&#8243;][uncode_woocommerce_cart cart_layout=&#8221;horizontal&#8221; cart_main_area_size=&#8221;7&#8243; cart_columns_gap=&#8221;1&#8243; equal_height=&#8221;yes&#8221; thumb_size=&#8221;medium&#8221; cart_table_override_padding=&#8221;yes&#8221; cart_table_column_padding=&#8221;5&#8243; cart_table_back_color=&#8221;color-xsdn&#8221; cart_totals_override_padding=&#8221;yes&#8221; cart_totals_column_padding=&#8221;5&#8243; cart_totals_back_color=&#8221;color-xsdn&#8221; cart_totals_shadow=&#8221;std&#8221; show_cross_sells=&#8221;yes&#8221; cross_sells_after_cart_table=&#8221;yes&#8221; cross_sells_margin_top=&#8221;4&#8243; cross_sells_carousel_lg=&#8221;4&#8243; cross_sells_carousel_md=&#8221;3&#8243; cross_sells_carousel_sm=&#8221;1&#8243; custom_titles_typography=&#8221;yes&#8221; titles_size=&#8221;h3&#8243; cart_activate_custom_buttons=&#8221;yes&#8221; cart_button_size=&#8221;btn-lg&#8221; cart_button_wide=&#8221;yes&#8221; cart_button_border_width=&#8221;0&#8243; cart_button_scale_mobile=&#8221;no&#8221; uncode_shortcode_id=&#8221;483162&#8243; cart_table_back_color_type=&#8221;uncode-palette&#8221; cart_totals_back_color_type=&#8221;uncode-palette&#8221;][\/vc_column][\/vc_row]<\/p>\n<!-- \/wp:post-content --><\/div>","protected":false},"excerpt":{"rendered":"<p>[vc_row unlock_row_content=&#8221;yes&#8221; row_height_percent=&#8221;0&#8243; override_padding=&#8221;yes&#8221; h_padding=&#8221;5&#8243; top_padding=&#8221;2&#8243; bottom_padding=&#8221;0&#8243; overlay_alpha=&#8221;50&#8243; gutter_size=&#8221;3&#8243; column_width_percent=&#8221;100&#8243; shift_y=&#8221;0&#8243; z_index=&#8221;0&#8243; content_parallax=&#8221;0&#8243; uncode_shortcode_id=&#8221;782203&#8243;][vc_column column_width_percent=&#8221;100&#8243; position_horizontal=&#8221;left&#8221; gutter_size=&#8221;3&#8243; overlay_alpha=&#8221;50&#8243; shift_x=&#8221;0&#8243; shift_y=&#8221;0&#8243; [&hellip;]<\/p>\n","protected":false},"author":1,"featured_media":0,"parent":116124,"menu_order":0,"comment_status":"closed","ping_status":"closed","template":"","meta":{"footnotes":""},"class_list":["post-116115","page","type-page","status-publish","hentry"],"_links":{"self":[{"href":"https:\/\/rozlebregar.com\/sl\/wp-json\/wp\/v2\/pages\/116115","targetHints":{"allow":["GET"]}}],"collection":[{"href":"https:\/\/rozlebregar.com\/sl\/wp-json\/wp\/v2\/pages"}],"about":[{"href":"https:\/\/rozlebregar.com\/sl\/wp-json\/wp\/v2\/types\/page"}],"author":[{"embeddable":true,"href":"https:\/\/rozlebregar.com\/sl\/wp-json\/wp\/v2\/users\/1"}],"replies":[{"embeddable":true,"href":"https:\/\/rozlebregar.com\/sl\/wp-json\/wp\/v2\/comments?post=116115"}],"version-history":[{"count":0,"href":"https:\/\/rozlebregar.com\/sl\/wp-json\/wp\/v2\/pages\/116115\/revisions"}],"up":[{"embeddable":true,"href":"https:\/\/rozlebregar.com\/sl\/wp-json\/wp\/v2\/pages\/116124"}],"wp:attachment":[{"href":"https:\/\/rozlebregar.com\/sl\/wp-json\/wp\/v2\/media?parent=116115"}],"curies":[{"name":"wp","href":"https:\/\/api.w.org\/{rel}","templated":true}]}}