{"id":114778,"date":"2014-12-30T11:07:04","date_gmt":"2014-12-30T10:07:04","guid":{"rendered":"https:\/\/rozlebregar.com\/home-3\/"},"modified":"2023-12-08T10:34:24","modified_gmt":"2023-12-08T09:34:24","slug":"home-3","status":"publish","type":"page","link":"https:\/\/rozlebregar.com\/sl\/","title":{"rendered":"Ro\u017ele Bregar &#8211; Direktor fotografije"},"content":{"rendered":"<div class=\"wpb-content-wrapper\"><p>[vc_row row_height_percent=&#8221;0&#8243; overlay_alpha=&#8221;50&#8243; gutter_size=&#8221;3&#8243; column_width_percent=&#8221;100&#8243; shift_y=&#8221;0&#8243; z_index=&#8221;0&#8243; uncode_shortcode_id=&#8221;281228&#8243; el_class=&#8221;skrit&#8221;][vc_column width=&#8221;1\/1&#8243;][vc_column_text uncode_shortcode_id=&#8221;789332&#8243;]<\/p>\n<h1>Ro\u017ele Bregar<\/h1>\n<h2>Ro\u017ele Bregar &#8211; direktor fotografije, filmski re\u017eiser in pustolovec. Njegovo dokumentarno in komercialno delo odra\u017ea njegovo ljubezen in predanost do narave, gora in \u017eivljenja ter \u0161portov na prostem.<\/h2>\n<div class=\"layoutArea\">\n<div class=\"column\">Ro\u017ele Bregar je doma v gorah. Njegova ljubezen do fotografije in pustolovskih \u0161portov ga je spremenila v ve\u010dkrat nagrajenega snemalca in re\u017eiserja. Znan je po snemanju v ekstremnih razmerah \u2013 od visenja na vrvi skupaj s plezalci do preno\u010devanja v \u0161otoru v gorah ali ob reki s kajakom. Posve\u010da se snemanju neulovljivih trenutkov, oddaljenih pokrajin in \u010dustev izjemnih \u0161portov na prostem. Zaradi svojega ob\u010dudovanja narave vidi stvari, ki jih drugi ne vidijo.<\/div>\n<\/div>\n<p>Je soustanovitelj video produkcije\u00a0<a href=\"http:\/\/www.vizualist.si\/\" target=\"_blank\" rel=\"noopener\">Vizualist<\/a>, ki jo je leta 2008 ustanovila skupina mladih, ambicioznih slovenskih filmarjev, ki jih dru\u017ei strast do snemanja z ustvarjalnim pristopom.<\/p>\n<p>Ro\u017ele je sodeloval v \u0161tevilnih projektih po vsem svetu, med drugim pri BBC, Amazon Studios, Warner Bros Discovery in NHK World Japan. Nenehno je na poti, kjer snema edinstvene zgodbe v najdivjej\u0161ih predelih sveta. Posnel je ve\u010d celove\u010dernih dokumentarnih filmov ter tudi \u0161tevilne oglase in turisti\u010dne promocijske filme.<\/p>\n<p>Ko se pojavi nor izziv, ki vklju\u010duje zahteven pristop, ekstremne vremenske razmere in edinstven pristop, Ro\u017ele je tam.<\/p>\n<p><a href=\"https:\/\/rozlebregar.com\/avtor\/?lang=sl\">Ve\u010d o Ro\u017eletu<\/a>.[\/vc_column_text][\/vc_column][\/vc_row]<\/p>\n<\/div>","protected":false},"excerpt":{"rendered":"<p>Direktor fotografije, snemalec, filmski re\u017eiser in pustolovec. Njegovo dokumentarno in komercialno delo odra\u017ea njegovo ljubezen in predanost do narave, gora in \u017eivljenja ter \u0161portov na prostem.<\/p>\n","protected":false},"author":1,"featured_media":113300,"parent":0,"menu_order":0,"comment_status":"closed","ping_status":"closed","template":"","meta":{"footnotes":""},"class_list":["post-114778","page","type-page","status-publish","has-post-thumbnail","hentry"],"_links":{"self":[{"href":"https:\/\/rozlebregar.com\/sl\/wp-json\/wp\/v2\/pages\/114778","targetHints":{"allow":["GET"]}}],"collection":[{"href":"https:\/\/rozlebregar.com\/sl\/wp-json\/wp\/v2\/pages"}],"about":[{"href":"https:\/\/rozlebregar.com\/sl\/wp-json\/wp\/v2\/types\/page"}],"author":[{"embeddable":true,"href":"https:\/\/rozlebregar.com\/sl\/wp-json\/wp\/v2\/users\/1"}],"replies":[{"embeddable":true,"href":"https:\/\/rozlebregar.com\/sl\/wp-json\/wp\/v2\/comments?post=114778"}],"version-history":[{"count":0,"href":"https:\/\/rozlebregar.com\/sl\/wp-json\/wp\/v2\/pages\/114778\/revisions"}],"wp:featuredmedia":[{"embeddable":true,"href":"https:\/\/rozlebregar.com\/sl\/wp-json\/wp\/v2\/media\/113300"}],"wp:attachment":[{"href":"https:\/\/rozlebregar.com\/sl\/wp-json\/wp\/v2\/media?parent=114778"}],"curies":[{"name":"wp","href":"https:\/\/api.w.org\/{rel}","templated":true}]}}