{"id":114572,"date":"2022-09-16T08:07:16","date_gmt":"2022-09-16T07:07:16","guid":{"rendered":"https:\/\/rozlebregar.com\/?page_id=114572"},"modified":"2023-10-30T22:45:44","modified_gmt":"2023-10-30T21:45:44","slug":"filmi","status":"publish","type":"page","link":"https:\/\/rozlebregar.com\/sl\/filmi\/","title":{"rendered":"Filmi"},"content":{"rendered":"<h2 data-pm-slice=\"1 1 []\">Dokumentarni in komercialni filmski projekti<\/h2>\n<p data-pm-slice=\"1 1 []\">Dokumentarno in komercialni filmski projekti so namenjeni tistim, ki ljubijo naravo, pustolov\u0161\u010dine ter stremijo k doseganju nemogo\u010dih ciljev. Ustvarjeno je iz strasti do ekstremnih razmer, gora in ljudi.<\/p>\n","protected":false},"excerpt":{"rendered":"<p>Dokumentarno in komercialni filmski projekti so namenjeni tistim, ki ljubijo naravo, pustolov\u0161\u010dine ter stremijo k doseganju nemogo\u010dih ciljev. Ustvarjeno je iz strasti do ekstremnih razmer, gora in ljudi.<\/p>\n","protected":false},"author":1,"featured_media":112878,"parent":0,"menu_order":0,"comment_status":"closed","ping_status":"closed","template":"","meta":{"footnotes":""},"class_list":["post-114572","page","type-page","status-publish","has-post-thumbnail","hentry"],"_links":{"self":[{"href":"https:\/\/rozlebregar.com\/sl\/wp-json\/wp\/v2\/pages\/114572","targetHints":{"allow":["GET"]}}],"collection":[{"href":"https:\/\/rozlebregar.com\/sl\/wp-json\/wp\/v2\/pages"}],"about":[{"href":"https:\/\/rozlebregar.com\/sl\/wp-json\/wp\/v2\/types\/page"}],"author":[{"embeddable":true,"href":"https:\/\/rozlebregar.com\/sl\/wp-json\/wp\/v2\/users\/1"}],"replies":[{"embeddable":true,"href":"https:\/\/rozlebregar.com\/sl\/wp-json\/wp\/v2\/comments?post=114572"}],"version-history":[{"count":0,"href":"https:\/\/rozlebregar.com\/sl\/wp-json\/wp\/v2\/pages\/114572\/revisions"}],"wp:featuredmedia":[{"embeddable":true,"href":"https:\/\/rozlebregar.com\/sl\/wp-json\/wp\/v2\/media\/112878"}],"wp:attachment":[{"href":"https:\/\/rozlebregar.com\/sl\/wp-json\/wp\/v2\/media?parent=114572"}],"curies":[{"name":"wp","href":"https:\/\/api.w.org\/{rel}","templated":true}]}}