{"id":114062,"date":"2023-08-12T12:03:26","date_gmt":"2023-08-12T11:03:26","guid":{"rendered":"https:\/\/rozlebregar.com\/privacy-policy\/"},"modified":"2024-10-11T09:09:21","modified_gmt":"2024-10-11T08:09:21","slug":"varstvo-podatkov","status":"publish","type":"page","link":"https:\/\/rozlebregar.com\/sl\/trgovina-printi\/varstvo-podatkov\/","title":{"rendered":"Politika varstva osebnih podatkov"},"content":{"rendered":"<h3 style=\"font-weight: 400;\"><strong>Kaj krije na\u0161a Politika varstva osebnih podatkov?<\/strong><\/h3>\n<p style=\"font-weight: 400;\">Spletna stran <a href=\"http:\/\/www.rozlebregar.com\/\">www.rozlebregar.com<\/a> je zavezana va\u0161i zasebnosti. Ta Politika varstva osebnih podatkov opisuje, na kak\u0161en na\u010din pridobivamo osebne podatke uporabnikov spletne strani in kako so te informacije uporabljene in posredovane. Z uporabo na\u0161e spletne strani se strinjate s pogoji, na\u0161tetimi v spodnji Politiki varstva osebnih podatkov.<\/p>\n<p style=\"font-weight: 400;\">Politika pojasnjuje:<\/p>\n<ul>\n<li style=\"font-weight: 400;\">Kak\u0161ne podatke zbiramo in kje so shranjeni<\/li>\n<li style=\"font-weight: 400;\">Kako uporabljamo pi\u0161kotke in podobne tehnologije<\/li>\n<li style=\"font-weight: 400;\">Kako uporabljamo osebne podatke za komunikacijo z vami<\/li>\n<li style=\"font-weight: 400;\">Kako in zakaj delimo va\u0161e podatke<\/li>\n<li style=\"font-weight: 400;\">Kako \u0161\u010ditimo va\u0161e podatke<\/li>\n<li style=\"font-weight: 400;\">Kako nas lahko kontaktirate<\/li>\n<\/ul>\n<p style=\"font-weight: 400;\">Ta Politika varstva osebnih podatkov velja tudi v primeru, da nas kontaktirate ali mi vas v zvezi s storitvami spletne strani www.rozlebregar.com.<\/p>\n<h3 style=\"font-weight: 400;\"><strong>Osebni podatki, ki jih zbiramo<\/strong><\/h3>\n<p style=\"font-weight: 400;\">V tem pravilniku o zasebnosti &#8220;osebni podatki&#8221; pomenijo &#8220;osebne podatke&#8221;, tj. individualno dolo\u010dljive podatke o posameznem potro\u0161niku, ki jih spletna stran zbira na spletu od tega posameznika in jih hrani v dostopni obliki. Osebni podatki med drugim vklju\u010dujejo ime in priimek osebe, njen fizi\u010dni naslov, po\u0161tno \u0161tevilko, e-po\u0161tni naslov, telefonsko \u0161tevilko.<\/p>\n<p style=\"font-weight: 400;\">Podatke od vas lahko zbiramo na ve\u010d na\u010dinov, med drugim:<\/p>\n<ul>\n<li style=\"font-weight: 400;\">ko oddate naro\u010dilo in opravite nakup v spletni trgovini;<\/li>\n<li style=\"font-weight: 400;\">Ko izpolnite obrazec na na\u0161em spletnem mestu;<\/li>\n<li style=\"font-weight: 400;\">ko po\u0161ljete svoj e-po\u0161tni naslov ali vnesete druge podatke na na\u0161em spletnem mestu;<\/li>\n<li style=\"font-weight: 400;\">ko iz kakr\u0161nega koli razloga stopite v stik z nami.<\/li>\n<\/ul>\n<p style=\"font-weight: 400;\">V postopku nakupa\/prodaje bomo zbirali va\u0161e ime in priimek, naslove za zara\u010dunavanje in po\u0161iljanje, e-po\u0161tni naslov, telefonsko \u0161tevilko in morebitne druge informacije.<\/p>\n<p style=\"font-weight: 400;\">Ko brskate po na\u0161em spletnem mestu, lahko zbiramo:<\/p>\n<ul>\n<li>informacije o va\u0161em vedenju pri spletnem brskanju;<\/li>\n<li>informacije o napravah\/brskalnikih, ki ste jih uporabili (na primer va\u0161 naslov IP, ime domene referen\u010dnega spletnega mesta, operacijski sistem, vrsta brskalnika ter datum in \u010das obiska);<\/li>\n<li>druge podatke, ki jih zbirajo pi\u0161kotki in povezane tehnologije za sledenje (na primer iskanja, ki jih izvajate, poizvedbe, ki jih opravite, povezave, ki jih kliknete, nakupi, ki jih opravite, in spletna mesta tretjih oseb, ki ste jih obiskali ali jih obi\u0161\u010dete pozneje);<\/li>\n<li>in podatke o lokaciji.<\/li>\n<\/ul>\n<p style=\"font-weight: 400;\">Ko stopite v stik z nami ali mi stopimo v stik z vami, lahko zbiramo:<\/p>\n<p style=\"font-weight: 400;\">podrobnosti o e-po\u0161tnih sporo\u010dilih in drugih digitalnih sporo\u010dilih, ki vam jih po\u0161ljemo in jih odprete, vklju\u010dno z vsemi povezavami v njih, ki jih kliknete, in povezavami, ki jih nato obi\u0161\u010dete na na\u0161em spletnem mestu.<\/p>\n<p style=\"font-weight: 400;\"><strong>Podrobnosti o tak\u0161ni korespondenci<\/strong><\/p>\n<p style=\"font-weight: 400;\">Nekatera na\u0161a e-po\u0161tna sporo\u010dila, ki vam jih po\u0161ljemo, lahko vklju\u010dujejo &#8220;URL za klik&#8221;, ki je povezan z dolo\u010deno stranjo na spletnem mestu. S klikom na tak URL boste samodejno vstopili na na\u0161o spletno stran, mi pa lahko zbiramo informacije v zvezi s &#8220;klikom&#8221;. Zbiranju teh podatkov se lahko izognete tako, da ne kliknete na povezave URL v na\u0161ih e-po\u0161tnih sporo\u010dilih.<\/p>\n<p style=\"font-weight: 400;\">Zbiramo lahko zbirne informacije o vedenju uporabnikov za merjenje zanimanja za na\u0161o spletno stran in njeno uporabo. Na primer, \u0161tevilo ljudi, ki obi\u0161\u010dejo na\u0161o spletno stran in \u017eivijo v dolo\u010denem mestu, je zbirna informacija, ki ne omogo\u010da osebne identifikacije posameznega uporabnika. Skupne informacije se lahko uporabljajo za dolo\u010danje vzorcev in izdelavo demografskih poro\u010dil, ki ne opisujejo ali identificirajo posameznega uporabnika.<\/p>\n<h3 style=\"font-weight: 400;\"><strong>Kako uporabljamo va\u0161e osebne podatke?<\/strong><\/h3>\n<p style=\"font-weight: 400;\">Zbiramo, hranimo in procesiramo va\u0161e osebne podatke, da izbolj\u0161amo spletno izku\u0161njo in vam nudimo storitve, ki jih zahtevate.<\/p>\n<p style=\"font-weight: 400;\">Uporaba informacij, ki jih zbiramo:<\/p>\n<ul>\n<li style=\"font-weight: 400;\">Administracija in vzdr\u017eevanje spletne strani;<\/li>\n<li style=\"font-weight: 400;\">Razumevanje in odgovarjanje na va\u0161e potrebe in \u017eelje;<\/li>\n<li style=\"font-weight: 400;\">Omogo\u010danje dostopa do informacij, ki jih od nas zahtevate;<\/li>\n<li style=\"font-weight: 400;\">Vodenje in razvoj na\u0161ega posla in poslovnih dejavnosti;<\/li>\n<li style=\"font-weight: 400;\">Procesiranje nakupov;<\/li>\n<li style=\"font-weight: 400;\">Odziv na va\u0161a vpra\u0161anja in ponujanje pomo\u010di strankam;<\/li>\n<li style=\"font-weight: 400;\">Izpolnitev dol\u017enosti, ki so posledica dogovora, v katerega vstopite z nami;<\/li>\n<li style=\"font-weight: 400;\">Zagotovitev strinjanja z na\u0161imi pogoji delovanja;<\/li>\n<li style=\"font-weight: 400;\">Izpolnitev pravnih dol\u017enosti ali za\u0161\u010dita in izvr\u0161evanje pravnih pravic; in<\/li>\n<li style=\"font-weight: 400;\">V povezavi s kakr\u0161nokoli prodajo na\u0161ega posla ali premo\u017eenja.<\/li>\n<\/ul>\n<h3 style=\"font-weight: 400;\"><strong>Kontakt in interakcija z vami<\/strong><\/h3>\n<p style=\"font-weight: 400;\">\u010ce izpolnite obrazec na na\u0161i spletni strani, nam dajete privoljenje, da hranimo va\u0161e osebne podatke in vas kontaktiramo za posredovanje informacij, ki ste jih ob prijavi zahtevali. Kontakt se lahko vr\u0161i preko telefona, e-po\u0161te, po\u0161te ali socialnih omre\u017eij.<\/p>\n<p style=\"font-weight: 400;\">V nekaterih primerih, a ne vseh, lahko spletna stran, z njo asocirana programska oprema in drugi sodelujo\u010di, ki zbirajo informacije skozi spletno stran, sledijo dolo\u010denim Ne Slediti signalom ali podobnim mehanizmom, ki uporabnikom ponujajo izbiro glede zbiranja osebnih podatkov o spletnih aktivnostih posameznega potro\u0161nika skozi dalj\u0161e obdobje in preko zunanjih spletnih strani ali storitev.<\/p>\n<h3 style=\"font-weight: 400;\"><strong>Deljenje osebnih podatkov<\/strong><\/h3>\n<p style=\"font-weight: 400;\">Va\u0161ih osebnih podatkov ne bomo nikoli prodali ali z njimi trgovali zunanjim strankam.<\/p>\n<p style=\"font-weight: 400;\">Podatke lahko delimo s povezanimi podjetji ali ponudniki storitev, ki nam pomagajo pri upravljanju na\u0161ega spletnega mesta, poslovanju ali storitvah za na\u0161e uporabnike, \u010de se te stranke strinjajo, da bodo te podatke varovale kot zaupne. Informacije lahko objavimo tudi, kadar je njihova objava ustrezna zaradi skladnosti z zakonom. Ob\u010dasno od nas organi pregona in vladne agencije zahtevajo posredovanje osebnih podatkov, pri \u010demer si pridr\u017eujemo pravico, da jih posredujemo, \u010de je to zakonsko dolo\u010deno ali zahtevano.<\/p>\n<p style=\"font-weight: 400;\">Pri zagotavljanju nekaterih na\u0161ih storitev lahko sodelujemo s tretjimi osebami in morda bo potrebno, da jim posredujemo va\u0161e podatke za zagotavljanje teh storitev. Na zahtevo in po potrebi bomo zagotovili podrobnosti o tem, s katerimi tretjimi osebami sodelujemo. Poleg tega lahko na\u0161a spletna stran uporablja storitev Google Analytics, ki nam pomaga izvedeti, kdo obiskuje na\u0161o spletno stran in katere strani si ogleduje.<\/p>\n<h3 style=\"font-weight: 400;\"><strong>Pi\u0161kotki in podobne tehnologije<\/strong><\/h3>\n<p style=\"font-weight: 400;\">Pi\u0161kotki so majhne podatkovne datoteke, ki spletnemu mestu omogo\u010dajo zbiranje in shranjevanje razli\u010dnih podatkov v va\u0161em namiznem ra\u010dunalniku, prenosnem ra\u010dunalniku ali mobilni napravi. Pi\u0161kotke in podobne tehnologije (npr. oznake) na na\u0161em spletnem mestu uporabljamo za razlikovanje med vami in drugimi uporabniki, kar nam pomaga prilagoditi in izbolj\u0161ati va\u0161o izku\u0161njo z na\u0161im spletnim mestom.<\/p>\n<p style=\"font-weight: 400;\">Pi\u0161kotke uporabljamo za razli\u010dne namene, vklju\u010dno z:<\/p>\n<ul>\n<li>Razumeti, kako se na\u0161e spleti\u0161\u010de uporablja, na primer tako, da nam sporo\u010dite, \u010de se med brskanjem prika\u017ee sporo\u010dilo o napaki;<\/li>\n<li>razumevanje in shranjevanje va\u0161ih nastavitev in kontaktnih podatkov, tako da vam teh podatkov ni treba posredovati dvakrat;<\/li>\n<li>merjenje u\u010dinkovitosti na\u0161ih tr\u017enih komunikacij, na primer tako, da nam sporo\u010dite, ali ste odprli tr\u017eno elektronsko sporo\u010dilo, ki smo vam ga poslali;<\/li>\n<li>nam pomagajo zbirati podatke o prometu na spletnem mestu in interakciji s spletnim mestom, da lahko v prihodnosti ponudimo bolj\u0161o izku\u0161njo in orodja na spletnem mestu.<\/li>\n<\/ul>\n<p style=\"font-weight: 400;\">Uporabljamo lahko zaupanja vredne storitve tretjih oseb, kot je Google Analytics, ki v na\u0161em imenu spremljajo te informacije. Nekateri pi\u0161kotki so nujni, zato jih ne smete onemogo\u010diti, \u010de \u017eelite uporabljati vse funkcije na\u0161ega spletnega mesta. Pi\u0161kotke lahko onemogo\u010dite, vendar lahko to vpliva na va\u0161o popolno izku\u0161njo s spletnim mestom.<\/p>\n<h3 style=\"font-weight: 400;\"><strong>Kako varujemo va\u0161e podatke?<\/strong><\/h3>\n<p style=\"font-weight: 400;\">Uporabljamo razpon razli\u010dnih varnostnih ukrepov, ki zagotavljajo varnost va\u0161ih osebnih podatkov. Ti lahko zajemajo:<\/p>\n<ul>\n<li style=\"font-weight: 400;\">Uporabljamo ra\u010dunalni\u0161ki po\u017earni zid in fizi\u010dne, elektronske in procesne varovalke, povezane z zbiranjem, shranjevanjem in posredovanjem osebnih podatkov<\/li>\n<li style=\"font-weight: 400;\">Uporabljamo antivirusno za\u0161\u010dito. Na\u0161a spletna stran je redno pregledana za varnostne pomanjkljivosti, kar vam zagotavlja varen obisk na\u0161e spletne strani<\/li>\n<li style=\"font-weight: 400;\">Vsa komunikacija med va\u0161im iskalnikom in na\u0161o spletno stranjo je zakodirana<\/li>\n<li style=\"font-weight: 400;\">Va\u0161i osebni podatki so shranjeni za mre\u017eo varovanja in dostopni le majhnemu \u0161tevilu zaposlenih, ki imajo posebne pravice dostopa do sistemov in ki so dol\u017eni informacije dr\u017eati zase<\/li>\n<li style=\"font-weight: 400;\">Med tem, ko sprejemamo vse potrebne tehni\u010dne in organizacijske korake za varstvo va\u0161ih osebnih podatkov, vam ne moremo zagotoviti varstva podatkov, ki nam jih posredujete preko spletne strani ali e-po\u0161te. Po tem, ko prejmemo va\u0161e podatke, jih bomo hranili v elektronski in fizi\u010dni obliki pod na\u0161im nadzorom. Uporabljali bomo stroge varnostne ukrepe, da prepre\u010dimo neodobren dostop do va\u0161ih podatkov.<\/li>\n<\/ul>\n<h3 style=\"font-weight: 400;\"><strong>Kontaktirajte nas<\/strong><\/h3>\n<p style=\"font-weight: 400;\">Prizadevamo si za to, da so podatki, ki jih hranimo o vas, to\u010dni in posodobljeni.<\/p>\n<p style=\"font-weight: 400;\">Pod regulacijo GDPR, ki je v veljavi od 25. maja 2018, imate pravico vpogleda v podatke, ki jih hranimo o vas.<\/p>\n<p style=\"font-weight: 400;\">\u010ce bi \u017eeleli dostop do va\u0161ih osebnih podatkov ali \u010de mislite, da so podatki napa\u010dni, nas prosim kontaktirajte na:<\/p>\n<p style=\"font-weight: 400;\">Ro\u017ele Bregar s.p.<br \/>\nVurnikov trg 3 A<br \/>\n4240 Radovljica<br \/>\nSlovenija<\/p>\n<p style=\"font-weight: 400;\">Lahko nam po\u0161ljete tudi e-sporo\u010dilo preko <a href=\"https:\/\/rozlebregar.com\/sl\/kontakt\/\">kontaktnega obrazca<\/a>.<\/p>\n<p style=\"font-weight: 400;\">Prudr\u017eujemo si pravico do spremembe Politike varstva osebnih podatkov brez vnaprej\u0161nje najave, zato stran redno preverjajte za kakr\u0161nekoli nove informacije.<\/p>\n","protected":false},"excerpt":{"rendered":"<p>Kaj krije na\u0161a Politika varstva osebnih podatkov? Spletna stran www.rozlebregar.com je zavezana va\u0161i zasebnosti. Ta Politika varstva osebnih podatkov opisuje, [&hellip;]<\/p>\n","protected":false},"author":1,"featured_media":0,"parent":116124,"menu_order":0,"comment_status":"closed","ping_status":"closed","template":"","meta":{"footnotes":""},"class_list":["post-114062","page","type-page","status-publish","hentry"],"_links":{"self":[{"href":"https:\/\/rozlebregar.com\/sl\/wp-json\/wp\/v2\/pages\/114062","targetHints":{"allow":["GET"]}}],"collection":[{"href":"https:\/\/rozlebregar.com\/sl\/wp-json\/wp\/v2\/pages"}],"about":[{"href":"https:\/\/rozlebregar.com\/sl\/wp-json\/wp\/v2\/types\/page"}],"author":[{"embeddable":true,"href":"https:\/\/rozlebregar.com\/sl\/wp-json\/wp\/v2\/users\/1"}],"replies":[{"embeddable":true,"href":"https:\/\/rozlebregar.com\/sl\/wp-json\/wp\/v2\/comments?post=114062"}],"version-history":[{"count":0,"href":"https:\/\/rozlebregar.com\/sl\/wp-json\/wp\/v2\/pages\/114062\/revisions"}],"up":[{"embeddable":true,"href":"https:\/\/rozlebregar.com\/sl\/wp-json\/wp\/v2\/pages\/116124"}],"wp:attachment":[{"href":"https:\/\/rozlebregar.com\/sl\/wp-json\/wp\/v2\/media?parent=114062"}],"curies":[{"name":"wp","href":"https:\/\/api.w.org\/{rel}","templated":true}]}}