{"id":114055,"date":"2023-05-19T22:47:29","date_gmt":"2023-05-19T21:47:29","guid":{"rendered":"https:\/\/rozlebregar.com\/terms-and-conditions\/"},"modified":"2024-10-11T22:27:11","modified_gmt":"2024-10-11T21:27:11","slug":"pogoji-poslovanja","status":"publish","type":"page","link":"https:\/\/rozlebregar.com\/sl\/trgovina-printi\/pogoji-poslovanja\/","title":{"rendered":"Splo\u0161ni pogoji poslovanja"},"content":{"rendered":"<div class=\"wpb-content-wrapper\"><p>[vc_row][vc_column][vc_column_text uncode_shortcode_id=&#8221;333802&#8243;]<\/p>\n<h1>Pogoji poslovanja<\/h1>\n<h2><strong>1.\u00a0<\/strong><strong>Splo\u0161no<\/strong><\/h2>\n<p style=\"font-weight: 400;\">Ti splo\u0161ni pogoji poslovanja veljajo v vseh pogodbenih razmerjih, sklenjenih v zvezi z izdelavo foto izdelkov preko spletne trgovine <a href=\"http:\/\/www.rozlebregar.com\/\">www.rozlebregar.com<\/a>. Splo\u0161ni pogoji poslovanja, ki so sestavljeni v skladu z veljavno zakonodajo o varstvu potro\u0161nikov, veljavno zakonodajo o varstvu osebnih podatkov ter na podlagi priporo\u010dil GZS in mednarodnih kodeksov za e-poslovanje, obravnavajo in urejajo delovanje spletne trgovine, elemente poslovnega odnosa med ponudnikom in naro\u010dnikom \u2013 kupcem in pravice slednjega.<\/p>\n<p style=\"font-weight: 400;\">Spletno stran <a href=\"http:\/\/www.rozlebregar.com\/\">www.rozlebregar.com<\/a> in spletno trgovino upravlja Ro\u017ele Bregar s.p., Vurnikov trg 3a, 4240 Radovljica, Slovenija, D.\u0160.: SI53314301, ki je tudi lastnik spletne strani in spletne trgovine. Navedeno samostojno podjetje je kot ponudnik foto storitev tudi pogodbena stranka tega razmerja (v nadaljevanju: ponudnik).<\/p>\n<p style=\"font-weight: 400;\">Kupca zavezujejo splo\u0161ni pogoji, ki so veljavni v trenutku nakupa, tj. oddaje spletnega naro\u010dila. Uporabnik je ob oddaji naro\u010dila vsaki\u010d posebej opozorjen na splo\u0161ne pogoje poslovanja in z oddajo naro\u010dila potrdi svojo seznanjenost z njimi.<\/p>\n<p style=\"font-weight: 400;\">V primeru komunikacije po e-po\u0161ti ali telefonu podjetja \u0161teje, da je naro\u010dnik prebral pri\u010dujo\u010de splo\u0161ne pogoje ter da se z njimi v celoti strinja.<\/p>\n<p style=\"font-weight: 400;\">Podjetje si pridr\u017euje pravico, da ob\u010dasno brez posebnega predhodnega opozorila spremeni splo\u0161ne pogoje.<\/p>\n<p style=\"font-weight: 400;\">Zbiranje in obdelava osebnih podatkov naro\u010dnikov storitev ali obiskovalcev spletnega mesta podjetja je urejeno v Splo\u0161nih pogojih zasebnosti.<\/p>\n<p style=\"font-weight: 400;\">Storitev izvedbe naro\u010dila opravlja The Print Space, ki je odgovorna za izdelavo \u00a0in po\u0161iljanje izdelkov naro\u010denih preko spletne strani <a href=\"http:\/\/www.rozlebregar.com\/\">www.rozlebregar.com.<\/a><\/p>\n<p style=\"font-weight: 400;\">Naro\u010dnik se zavezuje, da ne bo uporabljal izdelkov iz spletne strani <a href=\"http:\/\/www.rozlebregar.com\/\">www.rozlebregar.com<\/a> ali storitev le te za noben nezakonit ali nedovoljen namen, prav tako se zavezuje, da ne bo kr\u0161il nobenih zakonov v svoji pristojnosti (vklju\u010dno, vendar ne omejeno na avtorske pravice).<\/p>\n<p style=\"font-weight: 400;\">Prepovedano je prena\u0161anje virusov ali kod destruktivnega zna\u010daja.<\/p>\n<p style=\"font-weight: 400;\">Kr\u0161itev katerega koli izmed pogojih bo povzro\u010dila takoj\u0161njo prekinitev storitev.<\/p>\n<p style=\"font-weight: 400;\">Ponudnik si pridru\u017euje pravico, da zavrne storitev komurkoli iz kakr\u0161nega koli razloga in kadarkoli.<\/p>\n<p style=\"font-weight: 400;\">Naro\u010dnik je seznanjen, da njegova vsebina (razen podatkov o kreditni kartici) lahko potuje ne\u0161ifrirano in vklju\u010duje (a) prenos preko razli\u010dnih omre\u017eij; in (b) spremembe, da ustrezajo tehni\u010dnim zahtevam povezovanja omre\u017eij ali naprav. Podatki o kreditni kartici so vedno \u0161ifrirani med prenosom preko omre\u017eij.<\/p>\n<p style=\"font-weight: 400;\">Naro\u010dnik se zavezuje, da ne bo reproduciral, podvajal, kopiral, prodajal ali izkori\u0161\u010dal nobenega dela storitve, uporabe storitve ali dostopa do storitve ali katerega koli stika na spletni strani, preko katere se storitev zagotavlja, brez izrecnega pisnega dovoljenja s strani ponudnika.<\/p>\n<p style=\"font-weight: 400;\">Naslovi, ki se uporabljajo v tem sporazumu, so vklju\u010deni samo zaradi udobja in ne bodo omejevali ali druga\u010de vplivali na te pogoje.<\/p>\n<p>&nbsp;<\/p>\n<h2><strong>2.\u00a0<\/strong><strong>Uporaba spletnega mesta<\/strong><\/h2>\n<p style=\"font-weight: 400;\">Uporabnik se zavezuje, da bo spletno mesto uporabljal zakonito in na obi\u010dajen na\u010din, v skladu z namenom spletnega mesta.<\/p>\n<p style=\"font-weight: 400;\">\u010ce uporabnik spletno mesto uporablja v nasprotju s prej\u0161njim odstavkom, mu lahko ponudnik za\u010dasno ali trajno (glede na te\u017eo kr\u0161itve) onemogo\u010di dostop do portala.<\/p>\n<p style=\"font-weight: 400;\">Z uporabo spletnega mesta med uporabnikom in ponudnikom ne nastane nobena pogodba in noben pogodben odnos. Uporabnik zaradi uporabe spletnega mesta razen obveznosti, ki so navedene v teh pogojih, nima nobenih drugih obveznosti.<\/p>\n<p style=\"font-weight: 400;\">Ponudnik si pridr\u017euje pravico, da dostop do portala, dolo\u010denih delov portala ali posameznih funkcionalnosti na portalu kadarkoli omeji (npr. samo za registrirane uporabnike ali naro\u010dnike) ali ve\u017ee na izpolnitev dolo\u010denih pogojev.<\/p>\n<p>&nbsp;<\/p>\n<h2><strong>3.\u00a0<\/strong><strong>Oddaja in preklic naro\u010dila<\/strong><\/h2>\n<p style=\"font-weight: 400;\">Naro\u010dnik \u2013 kupec opravi nakup z oddajo naro\u010dila v spletni trgovini. Po oddaji naro\u010dila prejme uporabnik na svoj elektronski po\u0161tni naslov potrdilo o prejetem naro\u010dilu. V primeru, da naro\u010dnik \u2013 kupec v roku 1 ure po oddanem naro\u010dilu na svoj elektronski naslov ne prejme odgovora o prejetem naro\u010dilu, niti ni odgovora v njegovi vsiljeni elektronski po\u0161ti, naj o tem obvesti ponudnika preko <a href=\"https:\/\/rozlebregar.com\/sl\/kontakt\/\">kontaktnega obrazca<\/a>. Po oddaji oz. potrditvi naro\u010dila:<\/p>\n<ul>\n<li style=\"font-weight: 400;\">se za <strong>tiskane fotografije<\/strong> preko ponudnika naro\u010dilo avtomti\u010dno po\u0161lje podizvajalcu v tiskarno The Print Space (74 Kingsland Road, London E2 8DL, UK), ki naro\u010dilo sprejme v roku 24 ur ter izdela naro\u010deno blago in ga odpremi v roku, ki je dolo\u010den v 4. to\u010dki.<\/li>\n<li>se za <strong>ostale produkte<\/strong> naro\u010dilo avtomti\u010dno po\u0161lje ponudniku, ki ga sprejme in obdela v roku, ki je dolo\u010den v 4. to\u010dki.<\/li>\n<\/ul>\n<p style=\"font-weight: 400;\">Za vsebino oddanega naro\u010dila odgovarja izklju\u010dno naro\u010dnik \u2013 kupec.<\/p>\n<p style=\"font-weight: 400;\">Skladno z 2. to\u010dko petega odstavka 43.\u010d \u010dlena Zakona o varstvu potro\u0161nikov (ZVPot) ter glede na naravo naro\u010dila, ki je izdelano po natan\u010dnih navodilih naro\u010dnika \u2013 kupca in prilagojeno njegovim osebnim potrebam, slednji praviloma nima pravice odstopa od pogodbe.<\/p>\n<p style=\"font-weight: 400;\">Ponudnik ni odgovoren za motnje v poteku storitve oddaje naro\u010dila, ki so posledica ravnanja uporabnika (npr. ra\u010dunalnik, oku\u017een z virusi) ali ponudnikov poti oziroma infrastrukture, ki jo uporablja storitev spletna trgovina (npr. izpad delovanja medmre\u017eja).<\/p>\n<p>&nbsp;<\/p>\n<h2><strong>4.\u00a0<\/strong><strong>Dobavni rok in dostava<\/strong><\/h2>\n<p>Tiskarna The Print Space (za tiskane fotografije) ali poundnik (za ostale produkte) naro\u010deno blago po izdelavi zapakira v primerno embala\u017eo, ki omogo\u010da, da se izdelek med transportom ne po\u0161koduje, ter ki zagotavlja zaupnost narave izdelka, ter blago odpo\u0161lje najkasneje v roku 3-8 delovnih dni od sklenitve pogodbe, tj. od prejema potrditvenega elektronskega sporo\u010dila, ki ga naro\u010dnik prejme s strani ponudnika, pri \u010demer se dobavni roki razlikujejo glede na naro\u010deni izdelek ali lokacijo dostave. \u010ce ponudnik svoje obveznosti ne bo mogel izpolniti v roku, ker blago ne bo na razpolago, bo o tem obvestil kupca.<\/p>\n<p style=\"font-weight: 400;\">Privzeta mo\u017enost za po\u0161iljanje <strong>tiskanih fotografij<\/strong> preko po\u0161tne po\u0161iljke v EU\/EGP (po\u0161iljanje iz studija v Nem\u010diji) je Deutsche Post. Za Zdru\u017eeno kraljestvo se po\u0161ilja preko Royal Mail (po\u0161iljanje iz studija v Londonu). Za vse dr\u017eave izven teh regij (tj. ZDA, Kanada, Avstralija) se naro\u010dila po\u0161iljajo s hitro kurirsko slu\u017ebo DHL Express (po\u0161iljanje iz studija v Londonu)<\/p>\n<p>Privzeta mo\u017enost za po\u0161iljanje <strong>ostalih produktov<\/strong> za Slovenijo je Po\u0161ta Slovenije.<\/p>\n<p style=\"font-weight: 400;\">V primeru, da naro\u010dnik \u2013 kupec ne prejme paketa v 15 delovnih dneh od sklenitve pogodbe, mora to sporo\u010diti ponudniku.<\/p>\n<p style=\"font-weight: 400;\">Dostava se izvr\u0161i na naslov, ki ga je naro\u010dnik \u2013 kupec navedel ob oddaji. Zaradi zagotavljanja \u010dim uspe\u0161nej\u0161e in \u010dim hitrej\u0161e dostave se zahteva, da kupec ob oddaji naro\u010dila poda popolne podatke o naslovu dostave in tudi kontaktno telefonsko \u0161tevilko. V primeru, da dostave blaga na naslovu za dostavo ni mogo\u010de opraviti, dostavljavec pusti obvestilo o prispeli po\u0161iljki oziroma o poskusu predaje blaga. V primeru, da naro\u010dnik \u2013 kupec naro\u010denega blaga ne prevzame v postavljenem roku, ponudnik izdelek na svoje stro\u0161ke ustrezno uni\u010di \u2013 reciklira. Kljub temu je naro\u010dnik \u2013 kupec \u0161e vedno zavezan k pla\u010dilu opravljenih storitev \u2013 izdelave foto izdelkov.<\/p>\n<p><strong>Virtualni produkti<\/strong> se obdelajo takoj, naro\u010dnik pa preko e-po\u0161te prejme avtomatsko sporo\u010dilo z informacijami za dostop.<\/p>\n<p>&nbsp;<\/p>\n<h2><strong>5.\u00a0<\/strong><strong>Cene<\/strong><\/h2>\n<p style=\"font-weight: 400;\">Vse cene izdelkov so izra\u017eene v evrih in vklju\u010dujejo davek na dodano vrednost, \u010de ni izrecno dolo\u010deno druga\u010de. Za posamezno naro\u010dilo so veljavne cene, ki veljajo v trenutku oddaje naro\u010dila. Cene nimajo vnaprej dolo\u010dene veljavnosti in se lahko kadarkoli brez predhodnega obvestila spremenijo.<\/p>\n<p style=\"font-weight: 400;\">V primeru, da se cena artikla spremeni med obdelavo naro\u010dila, bo ponudnik kupcu omogo\u010dil odstop od nakupa, hkrati pa bo ponudnik kupcu ponudil re\u0161itev, ki bo \u0161la v obojestransko zadovoljstvo.<\/p>\n<p>&nbsp;<\/p>\n<h2><strong>6.\u00a0<\/strong><strong>Stro\u0161ki dostave<\/strong><\/h2>\n<p style=\"font-weight: 400;\">Stro\u0161ki dostave se izra\u010dunajo na podlagi velikosti paketa, \u0161tevila naro\u010denih izdelkov in destinacije dostave in bremenijo naro\u010dnika \u2013 kupca.<\/p>\n<p style=\"font-weight: 400;\">V primeru, da so v okviru enega oddanega naro\u010dila naro\u010deni izdelki, katerih pakiranje ni kompatibilno in je naro\u010dilo potrebno odpremiti v ve\u010d paketih, je naro\u010dnik \u2013 kupec zavezan k toliko kratnemu pla\u010dilu stro\u0161kov dostave, kolikor je odpremljenih paketov. O tem je naro\u010dnik \u2013 kupec pred oddajo naro\u010dila tudi izrecno obve\u0161\u010den.<\/p>\n<p style=\"font-weight: 400;\">Stro\u0161ki, ki nastanejo zaradi carinjenja ob po\u0161iljanju v dr\u017eave izven EU ali Zdru\u017eenega Kraljestva, bremenijo naro\u010dnika &#8211; kupca.<\/p>\n<p>&nbsp;<\/p>\n<h2><strong>7.\u00a0<\/strong><strong>Na\u010din pla\u010dila<\/strong><\/h2>\n<p style=\"font-weight: 400;\">Naro\u010dnik \u2013 kupec svojo obveznost pla\u010dila kupnine in stro\u0161kov dostave poravna s pla\u010dilno oziroma kreditno kartico ali preko Paypal, Apple Pay in Google Pay ali preko nakazila na TRR (le nekateri produkti) ob oddaji naro\u010dila.<\/p>\n<p style=\"font-weight: 400;\">Pri nakupu v spletni trgovini ponudnika, se v skladu z nacionalno in evropsko zakonodajo, ki ureja pla\u010dilne storitve (Direktiva (EU) 2015\/2366 o pla\u010dilnih storitvah na notranjem trgu (PSD 2)), kadar se zagotavlja ukrep t.i. mo\u010dne avtentikacije strank, vsi podatki, potrebni za obdelavo pla\u010dilne transakcije, prenesejo ponudniku pla\u010dilnih storitev.<\/p>\n<p>&nbsp;<\/p>\n<h2><strong>8.\u00a0<\/strong><strong>Odgovornost za napake<\/strong><\/h2>\n<p style=\"font-weight: 400;\">Ponudnik odgovarja za stvarne napake izdelkov, skladno z dolo\u010dili ZVPot.<\/p>\n<p style=\"font-weight: 400;\">\u010ce se dostavljeni izdelki razlikujejo od naro\u010denih izdelkov, tj. v primeru, da gre za dostavo napa\u010dnih izdelkov ali po\u0161kodbo le teh, naro\u010dnik \u2013 kupec v roku 24 ur od prejema izdelka obvesti ponudnika in mu posreduje fotografije, ki natan\u010dno prikazujejo po\u0161kodovan ali napa\u010den izdelek. Ponudnik obvesti naro\u010dnika v roku osmih dni o razre\u0161itvi nastale te\u017eave. V kolikor ponudnik zahteva vra\u010dilo po\u0161kodovanega ali napa\u010dnega artikla, kupec dostavljene izdelke na stro\u0161ke ponudnika vrne, ponudnik pa jih v roku, ki velja v primeru oddaje naro\u010dila, brezpla\u010dno nadomesti z ustreznimi.<\/p>\n<p style=\"font-weight: 400;\">Kdaj je napaka stvarna? Kadar:<\/p>\n<ul>\n<li>ima artikel vidne po\u0161kodbe, ki so posledica dostave.<\/li>\n<li>je ponudnik izro\u010dil artikel, ki se ne ujema z vzorcem ali modelom, razen \u010de je bil vzorec ali model pokazan le zaradi obvestila.<\/li>\n<\/ul>\n<p style=\"font-weight: 400;\">\u010ce dostavljeni izdelki ne ustrezajo lastnostim oziroma specifikacijam naro\u010denih izdelkov (dostava izdelkov z napako), mora kupec o tem obvestiti ponudnika v 24 urah od datuma prejema izdelka.<\/p>\n<p style=\"font-weight: 400;\">Ponudnik ne dogovarja za napake, ki na izdelku nastanejo kot posledica izpostavljenosti naravnim vplivom (vlaga, neposredna son\u010dna svetloba, visoka temperatura, \u2026).<\/p>\n<p style=\"font-weight: 400;\">Potro\u0161nik oziroma kupec mora v obvestilu o napaki, ki ga ponudniku posreduje potom elektronske po\u0161te, natan\u010dneje opisati napako in ponudniku posredovati fotografije, ki natan\u010dno prikazujejo napako.<\/p>\n<p style=\"font-weight: 400;\">\u010ce obstoj napake na blagu oziroma nepravilnost pri opravljeni storitvi ni sporna, mora ponudnik v roku osmih dni ugoditi potro\u0161nikovi zahtevi. V primeru, da se ugotovi, da je naro\u010dnikovo \u2013 kup\u010devo grajanje napake upravi\u010deno, ima le \u2013 ta pravico zahtevati, da ponudnik izdelek z napako zamenja z novim brezhibnim izdelkom.<\/p>\n<p style=\"font-weight: 400;\">Ob upo\u0161tevanju lastnosti razli\u010dnih medijev \u2013 nosilcev podatkov, ponudnik ne odgovarja za morebitna manj\u0161a barvna odstopanja, ki bi se izkazala med podatki, prikazanimi na elektronskem mediju (monitor) in podatki, natisnjenimi ali razvitimi na papirju.<\/p>\n<p>&nbsp;<\/p>\n<h2><strong>9.\u00a0<\/strong><strong>Varovanje osebnih podatkov<\/strong><\/h2>\n<p style=\"font-weight: 400;\">Ponudnik zbira osebne podatke v spletni trgovini <a href=\"http:\/\/www.rozlebregar.com\/\">www.rozlebregar.com<\/a> v najve\u010dji meri z namenom zagotoviti pravilno delovanje spletne trgovine ter nudenja zahtevanih storitev.<\/p>\n<p style=\"font-weight: 400;\">Ponudnik se pridobljene osebne podatke zavezuje varovati in shranjevati v skladu z veljavno zakonodajo o varstvu osebnih podatkov in Uredbo (EU) 2016\/679 Evropskega parlamenta in Sveta z dne 27. aprila 2016 o varstvu posameznikov pri obdelavi osebnih podatkov in o prostem pretoku takih podatkov (Splo\u0161na uredba o varstvu podatkov).<\/p>\n<p style=\"font-weight: 400;\">Podizvajalcu The Print Space, ki izvaja tiskanje izdelka in je odgovoren za organizacijo dostave izdelka preko dostavnih slu\u017eb (npr. Deutsche Post, Royal Mail, DHL Express ipd.), bo ponudnik zaupal le potrebne podatke za dostavo v spletni trgovini kupljenih izdelkov (podatki o prejemniku, elektronski naslov, telefonsko \u0161tevilo in naslov za dostavo).<\/p>\n<p style=\"font-weight: 400;\">Prek elektronske po\u0161te bo tako ponudnik kot tudi podizvajalec stopil v stik z uporabnikom, \u010de bo to potrebno za izvedbo nakupa v spletni trgovini. Za varovanje osebnih podatkov je odgovoren tudi naro\u010dnik \u2013 kupec sam.<\/p>\n<p style=\"font-weight: 400;\">Ponudnik za potrebe opravljanja storitev, ki jih ponuja, zbira, vodi, obdeluje in shranjuje naslednje uporabnikove podatke:<\/p>\n<ul>\n<li>ime in priimek;<\/li>\n<li>naslove za dostavo;<\/li>\n<li>naslov elektronske po\u0161te;<\/li>\n<li>kontaktno telefonsko \u0161tevilko;<\/li>\n<li>dr\u017eavo bivanja;<\/li>\n<li>druge podatke, ki jih uporabnik prostovoljno vnese v obrazce v spletni trgovini;<\/li>\n<\/ul>\n<p style=\"font-weight: 400;\">Za pravilnost, popolnost in a\u017eurnost podatkov, ki jih vnesejo uporabniki, ponudnik ne odgovarja.<\/p>\n<p>&nbsp;<\/p>\n<h2><strong>10.\u00a0<\/strong><strong>Omejitev odgovornosti<\/strong><\/h2>\n<p style=\"font-weight: 400;\">Ponudnik se po svojih najbolj\u0161ih mo\u010deh trudi zagotoviti a\u017eurnost in pravilnost podatkov, ki so objavljeni na njegovi strani. Kljub temu, pa se lahko lastnosti artiklov, rok dobave ali cena spremenijo tako hitro, da ponudnik ne uspe popraviti podatkov na spletnih straneh. V takem primeru, bo ponudnik kupca obvestil o spremembah in mu omogo\u010dil odstop od naro\u010dila ali zamenjavo naro\u010denega artikla.<\/p>\n<p style=\"font-weight: 400;\">Ponudnik ima mo\u017enost odstopa od pogodbe, \u010de se ugotovi o\u010ditna napaka (46. \u010dlen Obligacijskega zakonika). Kot o\u010ditna napaka se \u0161teje napaka v bistvenih lastnostih artikla in vse zmote, ki se po obi\u010dajih v trgovini ali po namenu strank \u0161tejejo za odlo\u010dilne ter jih ponudnik v primeru vednosti ne bi potrdil oziroma sklenil pogodbe. To vklju\u010duje tudi o\u010ditne napake v ceni.<\/p>\n<p style=\"font-weight: 400;\"><strong>\u00a0<\/strong><\/p>\n<h2><strong>11.\u00a0<\/strong><strong>Prito\u017ebe in spori<\/strong><\/h2>\n<p style=\"font-weight: 400;\">Ponudnik spo\u0161tuje veljavno zakonodajo o varstvu potro\u0161nikov ter se po vseh mo\u010deh trudi izpolnjevati svojo dol\u017enost zagotavljanja u\u010dinkovitega sistema obravnavanja prito\u017eb.<\/p>\n<p style=\"font-weight: 400;\">Ponudnik ima, skladno z dolo\u010dili ZVPot vzpostavljen u\u010dinkovit sistem obravnavanje prito\u017eb. Naro\u010dnik \u2013 kupec v primeru te\u017eav ponudnika za obravnavanje prito\u017eb kontaktira po elektronski po\u0161ti. Ponudnik bo najkasneje v roku 8 delovnih dni potrdil, da je prito\u017ebo prejel ter naro\u010dniku \u2013 kupcu sporo\u010dil potek nadaljnje obravnave tega postopka. Ponudnik se, skladno s svojo vizijo, trudi, da se vse nastale spore, tudi iz razloga ekonomi\u010dnosti postopka na strani obeh strank, re\u0161uje sporazumno, tudi s posredovanjem izvajalca izvensodnega re\u0161evanja potro\u0161ni\u0161kih sporov, skladno z dolo\u010dili Zakona o izvensodnem re\u0161evanju potro\u0161ni\u0161kih sporov (ZIsRPS). V primeru, da sporazumna re\u0161itev nastale sporne situacije ne bo mo\u017ena, bo o sporu odlo\u010dalo stvarno pristojno sodi\u0161\u010de v Radovljici.<\/p>\n<p>&nbsp;<\/p>\n<h2><strong>12.\u00a0<\/strong><strong>Varstvo potro\u0161nikov<\/strong><\/h2>\n<p style=\"font-weight: 400;\">Za vse, s temi splo\u0161nimi pogoji neurejena razmerja oz. elementi, veljajo pravila veljavne zakonodaje s podro\u010dja varstva potro\u0161nikov.<\/p>\n<p>&nbsp;<\/p>\n<h2><strong>13.\u00a0<\/strong><strong>Veljavnost splo\u0161nih pogojev poslovanje<\/strong><\/h2>\n<p style=\"font-weight: 400;\">Ti splo\u0161ni pogoji veljajo v primeru naro\u010dila preko spletnih strani ponudnika.<\/p>\n<p style=\"font-weight: 400;\">Ti splo\u0161ni pogoji poslovanja veljajo od 13. 8. 2023 dalje.<\/p>\n<p>[\/vc_column_text][\/vc_column][\/vc_row][vc_row][vc_column width=&#8221;1\/1&#8243;][vc_single_image media=&#8221;116205&#8243; media_width_percent=&#8221;20&#8243; uncode_shortcode_id=&#8221;179861&#8243;][\/vc_column][\/vc_row]<\/p>\n<\/div>","protected":false},"excerpt":{"rendered":"<p>[vc_row][vc_column][vc_column_text uncode_shortcode_id=&#8221;333802&#8243;] Pogoji poslovanja 1.\u00a0Splo\u0161no Ti splo\u0161ni pogoji poslovanja veljajo v vseh pogodbenih razmerjih, sklenjenih v zvezi z izdelavo foto [&hellip;]<\/p>\n","protected":false},"author":1,"featured_media":0,"parent":116124,"menu_order":0,"comment_status":"closed","ping_status":"closed","template":"","meta":{"footnotes":""},"class_list":["post-114055","page","type-page","status-publish","hentry"],"_links":{"self":[{"href":"https:\/\/rozlebregar.com\/sl\/wp-json\/wp\/v2\/pages\/114055","targetHints":{"allow":["GET"]}}],"collection":[{"href":"https:\/\/rozlebregar.com\/sl\/wp-json\/wp\/v2\/pages"}],"about":[{"href":"https:\/\/rozlebregar.com\/sl\/wp-json\/wp\/v2\/types\/page"}],"author":[{"embeddable":true,"href":"https:\/\/rozlebregar.com\/sl\/wp-json\/wp\/v2\/users\/1"}],"replies":[{"embeddable":true,"href":"https:\/\/rozlebregar.com\/sl\/wp-json\/wp\/v2\/comments?post=114055"}],"version-history":[{"count":0,"href":"https:\/\/rozlebregar.com\/sl\/wp-json\/wp\/v2\/pages\/114055\/revisions"}],"up":[{"embeddable":true,"href":"https:\/\/rozlebregar.com\/sl\/wp-json\/wp\/v2\/pages\/116124"}],"wp:attachment":[{"href":"https:\/\/rozlebregar.com\/sl\/wp-json\/wp\/v2\/media?parent=114055"}],"curies":[{"name":"wp","href":"https:\/\/api.w.org\/{rel}","templated":true}]}}